{"id":2486,"date":"2024-10-17T18:15:09","date_gmt":"2024-10-17T18:15:09","guid":{"rendered":"https:\/\/trenddetox.com\/?post_type=product&#038;p=2486"},"modified":"2026-03-07T22:22:20","modified_gmt":"2026-03-07T22:22:20","slug":"detox-tea-premium-gold-3495-euro","status":"publish","type":"product","link":"https:\/\/trenddetox.com\/tr\/product\/detox-tea-premium-gold-3495-euro\/","title":{"rendered":"Detox Tea Premium Gold 29,95 euro"},"content":{"rendered":"<p>Premium Gold Detox \u00c7ay Alt\u0131n dokunu\u015flu bitkisel kar\u0131\u015f\u0131m\u0131yla Premium Gold Detox \u00c7ay, g\u00fcnl\u00fck detoks ve zindelik i\u00e7in \u00f6zel olarak haz\u0131rlanm\u0131\u015ft\u0131r. Do\u011fal, etkili, premium.<\/p>","protected":false},"excerpt":{"rendered":"<p>Premium Gold Detox \u00c7ay, do\u011fal bitkisel i\u00e7eri\u011fiyle metabolizmay\u0131 destekler, \u00f6dem at\u0131m\u0131na yard\u0131mc\u0131 olur ve g\u00fcn boyu hafiflik hissi sa\u011flar. \u015eimdi ke\u015ffet!<\/p>","protected":false},"featured_media":2506,"comment_status":"closed","ping_status":"closed","template":"","meta":[],"product_brand":[],"product_cat":[220,222,225,15],"product_tag":[227],"class_list":{"0":"post-2486","1":"product","2":"type-product","3":"status-publish","4":"has-post-thumbnail","6":"product_cat-bestseller","7":"product_cat-oezlex-tea","8":"product_cat-premium-tea-gold","9":"product_cat-uncategorized","10":"product_tag-premium-gold-tea","12":"first","13":"instock","14":"sale","15":"shipping-taxable","16":"purchasable","17":"product-type-simple"},"aioseo_notices":[],"_links":{"self":[{"href":"https:\/\/trenddetox.com\/tr\/wp-json\/wp\/v2\/product\/2486","targetHints":{"allow":["GET"]}}],"collection":[{"href":"https:\/\/trenddetox.com\/tr\/wp-json\/wp\/v2\/product"}],"about":[{"href":"https:\/\/trenddetox.com\/tr\/wp-json\/wp\/v2\/types\/product"}],"replies":[{"embeddable":true,"href":"https:\/\/trenddetox.com\/tr\/wp-json\/wp\/v2\/comments?post=2486"}],"wp:featuredmedia":[{"embeddable":true,"href":"https:\/\/trenddetox.com\/tr\/wp-json\/wp\/v2\/media\/2506"}],"wp:attachment":[{"href":"https:\/\/trenddetox.com\/tr\/wp-json\/wp\/v2\/media?parent=2486"}],"wp:term":[{"taxonomy":"product_brand","embeddable":true,"href":"https:\/\/trenddetox.com\/tr\/wp-json\/wp\/v2\/product_brand?post=2486"},{"taxonomy":"product_cat","embeddable":true,"href":"https:\/\/trenddetox.com\/tr\/wp-json\/wp\/v2\/product_cat?post=2486"},{"taxonomy":"product_tag","embeddable":true,"href":"https:\/\/trenddetox.com\/tr\/wp-json\/wp\/v2\/product_tag?post=2486"}],"curies":[{"name":"wp","href":"https:\/\/api.w.org\/{rel}","templated":true}]}}