{"id":2332,"date":"2024-05-08T17:25:34","date_gmt":"2024-05-08T17:25:34","guid":{"rendered":"https:\/\/trenddetox.com\/?post_type=product&#038;p=2332"},"modified":"2026-03-07T22:08:11","modified_gmt":"2026-03-07T22:08:11","slug":"meri-detox-tee","status":"publish","type":"product","link":"https:\/\/trenddetox.com\/tr\/product\/meri-detox-tee\/","title":{"rendered":"Meri Detox-Tee -Aktion-Sale 39,95 Euro"},"content":{"rendered":"<p>Meri Detox \u00c7ay\u0131, pirin\u00e7 kabu\u011fu, goji berry, ekinezya ve L-Carnitine gibi bitkisel i\u00e7eriklerle haz\u0131rlanm\u0131\u015f \u00f6zel bir detoks \u00e7ay\u0131d\u0131r. Metabolizmay\u0131 desteklemeye, \u00f6dem atmaya ve kilo kontrol\u00fcne yard\u0131mc\u0131 olabilir.<\/p>","protected":false},"excerpt":{"rendered":"<p>Meri Detox \u00c7ay\u0131, bitkisel i\u00e7eriklerle haz\u0131rlanm\u0131\u015f \u00f6zel bir detoks \u00e7ay\u0131d\u0131r. Metabolizmay\u0131 desteklemeye, v\u00fccuttaki \u00f6demin at\u0131lmas\u0131na ve kilo kontrol\u00fcne yard\u0131mc\u0131 olabilir. G\u00fcnl\u00fck kullan\u0131m i\u00e7in pratik po\u015fet \u00e7ay formundad\u0131r ve sa\u011fl\u0131kl\u0131 ya\u015fam rutinini desteklemek isteyenler i\u00e7in ideal bir se\u00e7enektir.<\/p>","protected":false},"featured_media":2101,"comment_status":"closed","ping_status":"closed","template":"","meta":[],"product_brand":[],"product_cat":[220,218],"product_tag":[226],"class_list":{"0":"post-2332","1":"product","2":"type-product","3":"status-publish","4":"has-post-thumbnail","6":"product_cat-bestseller","7":"product_cat-meri-detox","8":"product_tag-meridetox","10":"first","11":"instock","12":"sale","13":"shipping-taxable","14":"purchasable","15":"product-type-simple"},"aioseo_notices":[],"_links":{"self":[{"href":"https:\/\/trenddetox.com\/tr\/wp-json\/wp\/v2\/product\/2332","targetHints":{"allow":["GET"]}}],"collection":[{"href":"https:\/\/trenddetox.com\/tr\/wp-json\/wp\/v2\/product"}],"about":[{"href":"https:\/\/trenddetox.com\/tr\/wp-json\/wp\/v2\/types\/product"}],"replies":[{"embeddable":true,"href":"https:\/\/trenddetox.com\/tr\/wp-json\/wp\/v2\/comments?post=2332"}],"wp:featuredmedia":[{"embeddable":true,"href":"https:\/\/trenddetox.com\/tr\/wp-json\/wp\/v2\/media\/2101"}],"wp:attachment":[{"href":"https:\/\/trenddetox.com\/tr\/wp-json\/wp\/v2\/media?parent=2332"}],"wp:term":[{"taxonomy":"product_brand","embeddable":true,"href":"https:\/\/trenddetox.com\/tr\/wp-json\/wp\/v2\/product_brand?post=2332"},{"taxonomy":"product_cat","embeddable":true,"href":"https:\/\/trenddetox.com\/tr\/wp-json\/wp\/v2\/product_cat?post=2332"},{"taxonomy":"product_tag","embeddable":true,"href":"https:\/\/trenddetox.com\/tr\/wp-json\/wp\/v2\/product_tag?post=2332"}],"curies":[{"name":"wp","href":"https:\/\/api.w.org\/{rel}","templated":true}]}}